{"id":2918,"date":"2026-01-27T17:50:40","date_gmt":"2026-01-27T17:50:40","guid":{"rendered":"https:\/\/anamartiarquitecto.es\/?page_id=2918"},"modified":"2026-02-06T13:34:20","modified_gmt":"2026-02-06T13:34:20","slug":"declaracion-de-accesibilidad","status":"publish","type":"page","link":"https:\/\/anamartiarquitecto.es\/en\/declaracion-de-accesibilidad\/","title":{"rendered":"Accessibility Statement"},"content":{"rendered":"\n<p>Ana Mart\u00ed se ha comprometido a hacer accesible su sitio web, de conformidad con el Real Decreto 1112\/2018, de 7 de septiembre, sobre accesibilidad de los sitios web y aplicaciones para dispositivos m\u00f3viles del sector p\u00fablico (en adelante, RD 1112\/2018), o con las directrices de accesibilidad web com\u00fanmente aceptadas como las WCAG 2.1.<\/p>\n\n\n\n<p>La presente declaraci\u00f3n de accesibilidad se aplica al sitio web:\u00a0<a href=\"https:\/\/anamartiarquitecto.es\/\">https:\/\/anamartiarquitecto.es\/<\/a><\/p>\n\n\n\n<h2 class=\"wp-block-heading\">SITUACI\u00d3N DE CUMPLIMIENTO<\/h2>\n\n\n\n<p>Este sitio web es parcialmente conforme con el RD 1112\/2018 (o las directrices WCAG 2.1 nivel AA) debido a las excepciones y a la falta de conformidad de los aspectos que se indican a continuaci\u00f3n.<\/p>\n\n\n\n<h2 class=\"wp-block-heading\">CONTENIDO NO ACCESIBLE<\/h2>\n\n\n\n<p>El contenido que se recoge a continuaci\u00f3n podr\u00eda no ser plenamente accesible por lo siguiente:<\/p>\n\n\n\n<ol class=\"wp-block-list\">\n<li>Falta de conformidad con el RD 1112\/2018 (o criterios WCAG)<br>1. Podr\u00edan existir algunos aspectos de contraste de color que no cumplan los m\u00ednimos exigidos (ej. ratio 3:1 para contraste no textual o 4.5:1 para texto) entre el primer plano y el fondo en ciertas secciones de la web. [Basado en WCAG 1.4.3 Contraste (M\u00ednimo) y 1.4.11 Contraste no textual]<br>2. Podr\u00edan existir algunas etiquetas o instrucciones no implementadas o no asociadas correctamente con los campos de formulario u otros controles. [Basado en WCAG 3.3.2 Etiquetas o instrucciones, 1.3.1 Informaci\u00f3n y relaciones, 4.1.2 Nombre, funci\u00f3n, valor]<br>3. Podr\u00edan existir mensajes de estado o retroalimentaci\u00f3n de errores que no se comuniquen adecuadamente a usuarios de tecnolog\u00edas de asistencia. [Basado en WCAG 4.1.3 Mensajes de estado]<br>4. Podr\u00edan existir formularios donde las sugerencias para corregir errores de entrada no sean suficientemente claras o accesibles. [Basado en WCAG 3.3.1 Identificaci\u00f3n de errores y 3.3.3 Sugerencias ante errores]<br>5. Podr\u00edan existir fallos en la navegaci\u00f3n secuencial mediante teclado, donde el orden del foco no sea siempre l\u00f3gico o donde algunos elementos interactivos no reciban el foco. [Basado en WCAG 2.4.3 Orden del foco, 2.1.1 Teclado]<br>6. Podr\u00eda no ser siempre posible evitar que las personas que interact\u00faan mediante entradas de voz activen elementos de interacci\u00f3n de forma accidental si se utilizan atajos de teclado basados en un solo car\u00e1cter sin un mecanismo para desactivarlos o remapearlos. [Basado en WCAG 2.1.4 Atajos con teclas de caracteres]<br>7. Podr\u00edan existir problemas en la percepci\u00f3n del color para distinguir cierta informaci\u00f3n en algunos gr\u00e1ficos, textos o componentes. [Basado en WCAG 1.4.1 Uso del color]<br>8. Podr\u00edan existir fallos puntuales de edici\u00f3n o maquetaci\u00f3n en alguna p\u00e1gina web, as\u00ed como contenido multimedia sin la adecuada alternativa textual. [Basado en WCAG 1.1.1 Contenido no textual, 1.2.1 Audio y v\u00eddeo pregrabados (solo audio y solo v\u00eddeo), 1.2.2 Subt\u00edtulos (pregrabados)]<\/li>\n\n\n\n<li>Carga desproporcionada<br>No aplica.<\/li>\n\n\n\n<li>El contenido no entra dentro del \u00e1mbito de la legislaci\u00f3n aplicable.\n<ul class=\"wp-block-list\">\n<li>Podr\u00edan existir archivos ofim\u00e1ticos en PDF u otros formatos publicados antes del 20 de septiembre de 2018 que no cumplan en su totalidad todos los requisitos de accesibilidad. Tambi\u00e9n podr\u00eda haber contenido de terceros no financiado, ni desarrollado, ni bajo el control de Vicemar (por ejemplo, mapas de Google embebidos, widgets de redes sociales, pasarelas de pago) que presente dificultades de accesibilidad.<\/li>\n<\/ul>\n<\/li>\n<\/ol>\n\n\n\n<h2 class=\"wp-block-heading\">PREPARACI\u00d3N DE LA PRESENTE DECLARACI\u00d3N DE ACCESIBILIDAD<\/h2>\n\n\n\n<p>La presente declaraci\u00f3n fue preparada el 29 de diciembre de 2025.<\/p>\n\n\n\n<p>El m\u00e9todo empleado para preparar la declaraci\u00f3n ha sido una autoevaluaci\u00f3n llevada a cabo llevada a cabo por la propia empresa.<\/p>\n\n\n\n<h2 class=\"wp-block-heading\">OBSERVACIONES Y DATOS DE CONTACTO<\/h2>\n\n\n\n<p>Puede realizar comunicaciones sobre requisitos de accesibilidad (art\u00edculo 10.2.a del RD 1112\/2018) como, por ejemplo:<\/p>\n\n\n\n<p>Informar sobre cualquier posible incumplimiento por parte de este sitio web<br>Transmitir otras dificultades de acceso al contenido<br>Formular cualquier otra consulta o sugerencia de mejora relativa a la accesibilidad del sitio web<\/p>\n\n\n\n<p>A trav\u00e9s de los siguientes medios:<\/p>\n\n\n\n<p>Correo electr\u00f3nico: <a href=\"mailto:anamm@caatvalencia.es\">anamm@caatvalencia.es<\/a><\/p>\n\n\n\n<p><br>Tambi\u00e9n puede presentar:<\/p>\n\n\n\n<p>Una queja relativa al cumplimiento de los requisitos del RD 1112\/2018.<br>Una solicitud de Informaci\u00f3n accesible relativa a: Contenidos que est\u00e1n excluidos del \u00e1mbito de aplicaci\u00f3n del RD 1112\/2018 seg\u00fan lo establecido por el art\u00edculo 3, apartado 4 Contenidos que est\u00e1n exentos del cumplimiento de los requisitos de<br>accesibilidad por imponer una carga desproporcionada.<br>En la Solicitud de informaci\u00f3n accesible, se debe concretar, con toda claridad, los hechos, razones y petici\u00f3n que permitan constatar que se trata de una solicitud razonable y leg\u00edtima.<\/p>\n\n\n\n<p>Las quejas y reclamaciones sobre informaci\u00f3n accesible se realizar\u00e1n a trav\u00e9s del email anterior.<\/p>\n\n\n\n<h2 class=\"wp-block-heading\">PROCEDIMIENTO DE APLICACI\u00d3N<\/h2>\n\n\n\n<p>Si una vez realizada una solicitud de informaci\u00f3n accesible o queja, \u00e9sta hubiera sido desestimada, no se estuviera de acuerdo con la decisi\u00f3n adoptada, o la respuesta no cumpliera los requisitos contemplados en el art\u00edculo 12.5 del RD 1112\/2018, la persona interesada podr\u00e1 iniciar una reclamaci\u00f3n. Igualmente, se podr\u00e1 iniciar una reclamaci\u00f3n en el caso de que haya transcurrido el plazo de veinte d\u00edas h\u00e1biles sin haber obtenido respuesta a su comunicaci\u00f3n inicial. Igualmente se podr\u00e1 iniciar una reclamaci\u00f3n en el caso de que haya transcurrido el plazo de veinte d\u00edas h\u00e1biles sin haber obtenido respuesta.<\/p>\n\n\n\n<h2 class=\"wp-block-heading\">COMPROMISO CON LA ACCESIBILIDAD<\/h2>\n\n\n\n<p>En Ana Mart\u00ed, estamos trabajando para mejorar la accesibilidad de nuestro sitio web y asegurar que todos nuestros clientes, independientemente de sus capacidades, puedan disfrutar de nuestros servicios online. Agradecemos cualquier comentario o sugerencia que nos ayude a alcanzar este objetivo.<\/p>\n","protected":false},"excerpt":{"rendered":"<p>Ana Mart\u00ed se ha comprometido a hacer accesible su sitio web, de conformidad con el Real Decreto 1112\/2018, de 7 de septiembre, sobre accesibilidad de los sitios web y aplicaciones para dispositivos m\u00f3viles del sector p\u00fablico (en adelante, RD 1112\/2018), o con las directrices de accesibilidad web com\u00fanmente aceptadas como las WCAG 2.1. La presente [&hellip;]<\/p>\n","protected":false},"author":1,"featured_media":0,"parent":0,"menu_order":0,"comment_status":"closed","ping_status":"closed","template":"","meta":{"site-sidebar-layout":"default","site-content-layout":"","ast-site-content-layout":"default","site-content-style":"default","site-sidebar-style":"default","ast-global-header-display":"","ast-banner-title-visibility":"","ast-main-header-display":"","ast-hfb-above-header-display":"","ast-hfb-below-header-display":"","ast-hfb-mobile-header-display":"","site-post-title":"","ast-breadcrumbs-content":"","ast-featured-img":"","footer-sml-layout":"","ast-disable-related-posts":"","theme-transparent-header-meta":"","adv-header-id-meta":"","stick-header-meta":"","header-above-stick-meta":"","header-main-stick-meta":"","header-below-stick-meta":"","astra-migrate-meta-layouts":"set","ast-page-background-enabled":"default","ast-page-background-meta":{"desktop":{"background-color":"","background-image":"","background-repeat":"repeat","background-position":"center center","background-size":"auto","background-attachment":"scroll","background-type":"","background-media":"","overlay-type":"","overlay-color":"","overlay-opacity":"","overlay-gradient":""},"tablet":{"background-color":"","background-image":"","background-repeat":"repeat","background-position":"center center","background-size":"auto","background-attachment":"scroll","background-type":"","background-media":"","overlay-type":"","overlay-color":"","overlay-opacity":"","overlay-gradient":""},"mobile":{"background-color":"","background-image":"","background-repeat":"repeat","background-position":"center center","background-size":"auto","background-attachment":"scroll","background-type":"","background-media":"","overlay-type":"","overlay-color":"","overlay-opacity":"","overlay-gradient":""}},"ast-content-background-meta":{"desktop":{"background-color":"var(--ast-global-color-5)","background-image":"","background-repeat":"repeat","background-position":"center center","background-size":"auto","background-attachment":"scroll","background-type":"","background-media":"","overlay-type":"","overlay-color":"","overlay-opacity":"","overlay-gradient":""},"tablet":{"background-color":"var(--ast-global-color-5)","background-image":"","background-repeat":"repeat","background-position":"center center","background-size":"auto","background-attachment":"scroll","background-type":"","background-media":"","overlay-type":"","overlay-color":"","overlay-opacity":"","overlay-gradient":""},"mobile":{"background-color":"var(--ast-global-color-5)","background-image":"","background-repeat":"repeat","background-position":"center center","background-size":"auto","background-attachment":"scroll","background-type":"","background-media":"","overlay-type":"","overlay-color":"","overlay-opacity":"","overlay-gradient":""}},"footnotes":""},"class_list":["post-2918","page","type-page","status-publish","hentry"],"yoast_head":"<!-- This site is optimized with the Yoast SEO plugin v27.3 - https:\/\/yoast.com\/product\/yoast-seo-wordpress\/ -->\n<title>Declaraci\u00f3n de Accesibilidad - anamartiarquitecto<\/title>\n<meta name=\"robots\" content=\"index, follow, max-snippet:-1, max-image-preview:large, max-video-preview:-1\" \/>\n<link rel=\"canonical\" href=\"https:\/\/anamartiarquitecto.es\/en\/declaracion-de-accesibilidad\/\" \/>\n<meta property=\"og:locale\" content=\"en_GB\" \/>\n<meta property=\"og:type\" content=\"article\" \/>\n<meta property=\"og:title\" content=\"Declaraci\u00f3n de Accesibilidad - anamartiarquitecto\" \/>\n<meta property=\"og:description\" content=\"Ana Mart\u00ed se ha comprometido a hacer accesible su sitio web, de conformidad con el Real Decreto 1112\/2018, de 7 de septiembre, sobre accesibilidad de los sitios web y aplicaciones para dispositivos m\u00f3viles del sector p\u00fablico (en adelante, RD 1112\/2018), o con las directrices de accesibilidad web com\u00fanmente aceptadas como las WCAG 2.1. La presente [&hellip;]\" \/>\n<meta property=\"og:url\" content=\"https:\/\/anamartiarquitecto.es\/en\/declaracion-de-accesibilidad\/\" \/>\n<meta property=\"og:site_name\" content=\"anamartiarquitecto\" \/>\n<meta property=\"article:modified_time\" content=\"2026-02-06T13:34:20+00:00\" \/>\n<meta name=\"twitter:card\" content=\"summary_large_image\" \/>\n<meta name=\"twitter:label1\" content=\"Estimated reading time\" \/>\n\t<meta name=\"twitter:data1\" content=\"4 minutes\" \/>\n<script type=\"application\/ld+json\" class=\"yoast-schema-graph\">{\"@context\":\"https:\\\/\\\/schema.org\",\"@graph\":[{\"@type\":\"WebPage\",\"@id\":\"https:\\\/\\\/anamartiarquitecto.es\\\/declaracion-de-accesibilidad\\\/\",\"url\":\"https:\\\/\\\/anamartiarquitecto.es\\\/declaracion-de-accesibilidad\\\/\",\"name\":\"Declaraci\u00f3n de Accesibilidad - anamartiarquitecto\",\"isPartOf\":{\"@id\":\"https:\\\/\\\/anamartiarquitecto.es\\\/#website\"},\"datePublished\":\"2026-01-27T17:50:40+00:00\",\"dateModified\":\"2026-02-06T13:34:20+00:00\",\"breadcrumb\":{\"@id\":\"https:\\\/\\\/anamartiarquitecto.es\\\/declaracion-de-accesibilidad\\\/#breadcrumb\"},\"inLanguage\":\"en-GB\",\"potentialAction\":[{\"@type\":\"ReadAction\",\"target\":[\"https:\\\/\\\/anamartiarquitecto.es\\\/declaracion-de-accesibilidad\\\/\"]}]},{\"@type\":\"BreadcrumbList\",\"@id\":\"https:\\\/\\\/anamartiarquitecto.es\\\/declaracion-de-accesibilidad\\\/#breadcrumb\",\"itemListElement\":[{\"@type\":\"ListItem\",\"position\":1,\"name\":\"Home\",\"item\":\"https:\\\/\\\/anamartiarquitecto.es\\\/\"},{\"@type\":\"ListItem\",\"position\":2,\"name\":\"Declaraci\u00f3n de Accesibilidad\"}]},{\"@type\":\"WebSite\",\"@id\":\"https:\\\/\\\/anamartiarquitecto.es\\\/#website\",\"url\":\"https:\\\/\\\/anamartiarquitecto.es\\\/\",\"name\":\"anamartiarquitecto\",\"description\":\"Arquitectura eficiente, sostenible y respetuosa\",\"publisher\":{\"@id\":\"https:\\\/\\\/anamartiarquitecto.es\\\/#organization\"},\"alternateName\":\"Ana Marti arquitecto\",\"potentialAction\":[{\"@type\":\"SearchAction\",\"target\":{\"@type\":\"EntryPoint\",\"urlTemplate\":\"https:\\\/\\\/anamartiarquitecto.es\\\/?s={search_term_string}\"},\"query-input\":{\"@type\":\"PropertyValueSpecification\",\"valueRequired\":true,\"valueName\":\"search_term_string\"}}],\"inLanguage\":\"en-GB\"},{\"@type\":\"Organization\",\"@id\":\"https:\\\/\\\/anamartiarquitecto.es\\\/#organization\",\"name\":\"Anamartiarquitecto\",\"alternateName\":\"Ana Marti Arquitecto\",\"url\":\"https:\\\/\\\/anamartiarquitecto.es\\\/\",\"logo\":{\"@type\":\"ImageObject\",\"inLanguage\":\"en-GB\",\"@id\":\"https:\\\/\\\/anamartiarquitecto.es\\\/#\\\/schema\\\/logo\\\/image\\\/\",\"url\":\"https:\\\/\\\/anamartiarquitecto.es\\\/wp-content\\\/uploads\\\/2024\\\/11\\\/ana-marti-bocetos-09.svg\",\"contentUrl\":\"https:\\\/\\\/anamartiarquitecto.es\\\/wp-content\\\/uploads\\\/2024\\\/11\\\/ana-marti-bocetos-09.svg\",\"width\":87,\"height\":87,\"caption\":\"Anamartiarquitecto\"},\"image\":{\"@id\":\"https:\\\/\\\/anamartiarquitecto.es\\\/#\\\/schema\\\/logo\\\/image\\\/\"}}]}<\/script>\n<!-- \/ Yoast SEO plugin. -->","yoast_head_json":{"title":"Declaraci\u00f3n de Accesibilidad - anamartiarquitecto","robots":{"index":"index","follow":"follow","max-snippet":"max-snippet:-1","max-image-preview":"max-image-preview:large","max-video-preview":"max-video-preview:-1"},"canonical":"https:\/\/anamartiarquitecto.es\/en\/declaracion-de-accesibilidad\/","og_locale":"en_GB","og_type":"article","og_title":"Declaraci\u00f3n de Accesibilidad - anamartiarquitecto","og_description":"Ana Mart\u00ed se ha comprometido a hacer accesible su sitio web, de conformidad con el Real Decreto 1112\/2018, de 7 de septiembre, sobre accesibilidad de los sitios web y aplicaciones para dispositivos m\u00f3viles del sector p\u00fablico (en adelante, RD 1112\/2018), o con las directrices de accesibilidad web com\u00fanmente aceptadas como las WCAG 2.1. La presente [&hellip;]","og_url":"https:\/\/anamartiarquitecto.es\/en\/declaracion-de-accesibilidad\/","og_site_name":"anamartiarquitecto","article_modified_time":"2026-02-06T13:34:20+00:00","twitter_card":"summary_large_image","twitter_misc":{"Estimated reading time":"4 minutes"},"schema":{"@context":"https:\/\/schema.org","@graph":[{"@type":"WebPage","@id":"https:\/\/anamartiarquitecto.es\/declaracion-de-accesibilidad\/","url":"https:\/\/anamartiarquitecto.es\/declaracion-de-accesibilidad\/","name":"Declaraci\u00f3n de Accesibilidad - anamartiarquitecto","isPartOf":{"@id":"https:\/\/anamartiarquitecto.es\/#website"},"datePublished":"2026-01-27T17:50:40+00:00","dateModified":"2026-02-06T13:34:20+00:00","breadcrumb":{"@id":"https:\/\/anamartiarquitecto.es\/declaracion-de-accesibilidad\/#breadcrumb"},"inLanguage":"en-GB","potentialAction":[{"@type":"ReadAction","target":["https:\/\/anamartiarquitecto.es\/declaracion-de-accesibilidad\/"]}]},{"@type":"BreadcrumbList","@id":"https:\/\/anamartiarquitecto.es\/declaracion-de-accesibilidad\/#breadcrumb","itemListElement":[{"@type":"ListItem","position":1,"name":"Home","item":"https:\/\/anamartiarquitecto.es\/"},{"@type":"ListItem","position":2,"name":"Declaraci\u00f3n de Accesibilidad"}]},{"@type":"WebSite","@id":"https:\/\/anamartiarquitecto.es\/#website","url":"https:\/\/anamartiarquitecto.es\/","name":"anamartiarquitecto","description":"Efficient, sustainable, and respectful architecture","publisher":{"@id":"https:\/\/anamartiarquitecto.es\/#organization"},"alternateName":"Ana Marti arquitecto","potentialAction":[{"@type":"SearchAction","target":{"@type":"EntryPoint","urlTemplate":"https:\/\/anamartiarquitecto.es\/?s={search_term_string}"},"query-input":{"@type":"PropertyValueSpecification","valueRequired":true,"valueName":"search_term_string"}}],"inLanguage":"en-GB"},{"@type":"Organization","@id":"https:\/\/anamartiarquitecto.es\/#organization","name":"Anamartiarquitecto","alternateName":"Ana Marti Arquitecto","url":"https:\/\/anamartiarquitecto.es\/","logo":{"@type":"ImageObject","inLanguage":"en-GB","@id":"https:\/\/anamartiarquitecto.es\/#\/schema\/logo\/image\/","url":"https:\/\/anamartiarquitecto.es\/wp-content\/uploads\/2024\/11\/ana-marti-bocetos-09.svg","contentUrl":"https:\/\/anamartiarquitecto.es\/wp-content\/uploads\/2024\/11\/ana-marti-bocetos-09.svg","width":87,"height":87,"caption":"Anamartiarquitecto"},"image":{"@id":"https:\/\/anamartiarquitecto.es\/#\/schema\/logo\/image\/"}}]}},"_links":{"self":[{"href":"https:\/\/anamartiarquitecto.es\/en\/wp-json\/wp\/v2\/pages\/2918","targetHints":{"allow":["GET"]}}],"collection":[{"href":"https:\/\/anamartiarquitecto.es\/en\/wp-json\/wp\/v2\/pages"}],"about":[{"href":"https:\/\/anamartiarquitecto.es\/en\/wp-json\/wp\/v2\/types\/page"}],"author":[{"embeddable":true,"href":"https:\/\/anamartiarquitecto.es\/en\/wp-json\/wp\/v2\/users\/1"}],"replies":[{"embeddable":true,"href":"https:\/\/anamartiarquitecto.es\/en\/wp-json\/wp\/v2\/comments?post=2918"}],"version-history":[{"count":3,"href":"https:\/\/anamartiarquitecto.es\/en\/wp-json\/wp\/v2\/pages\/2918\/revisions"}],"predecessor-version":[{"id":2944,"href":"https:\/\/anamartiarquitecto.es\/en\/wp-json\/wp\/v2\/pages\/2918\/revisions\/2944"}],"wp:attachment":[{"href":"https:\/\/anamartiarquitecto.es\/en\/wp-json\/wp\/v2\/media?parent=2918"}],"curies":[{"name":"wp","href":"https:\/\/api.w.org\/{rel}","templated":true}]}}