{"id":2922,"date":"2026-01-27T18:01:30","date_gmt":"2026-01-27T18:01:30","guid":{"rendered":"https:\/\/anamartiarquitecto.es\/?page_id=2922"},"modified":"2026-01-28T13:12:38","modified_gmt":"2026-01-28T13:12:38","slug":"politica-de-cookies","status":"publish","type":"page","link":"https:\/\/anamartiarquitecto.es\/en\/politica-de-cookies\/","title":{"rendered":"Cookies Policy"},"content":{"rendered":"<h2 class=\"wp-block-heading\"><strong>PURPOSE OF THE COOKIES POLICY<\/strong><\/h2>\n\n\n\n<p>The purpose of this policy is to inform users about the cookies used by this website, in accordance with the provisions of <strong>Law 34\/2002, of July 11, on Information Society Services and Electronic Commerce<\/strong>, and the <strong>Regulation (EU) 2016\/679 of the European Parliament and of the Council of 27 April 2016 (GDPR)<\/strong>.<\/p>\n\n\n\n<h2 class=\"wp-block-heading\"><strong>WHAT ARE COOKIES?<\/strong><\/h2>\n\n\n\n<p>Cookies are small files that are downloaded to your device (computer, smartphone, or tablet) when you access certain websites. They allow for the storage and retrieval of information about the user's browsing habits in order to facilitate the use of the website and ensure its correct functioning.<\/p>\n\n\n\n<p>&nbsp;En caso de no querer recibir cookies, por favor, configure su navegador de internet, para que las borre del disco duro de su ordenador, las bloquee o le avise en su caso de instalaci\u00f3n de las mismas<br><br><\/p>\n\n\n\n<p><strong>TYPES OF COOKIES<\/strong><\/p>\n\n\n\n<p>At Ana Mart\u00ed, and in general, cookies can be categorized according to the following criteria:<\/p>\n\n\n\n<p><strong>ACCORDING TO THE ENTITY THAT MANAGES THEM:<\/strong><\/p>\n\n\n\n<ul class=\"wp-block-list\">\n<li><strong>First-party cookies:<\/strong>\u00a0These are cookies sent to the user's terminal equipment from a computer or domain managed by the publisher itself (in this case, Ana Marti) and from which the service requested by the user is provided.<\/li>\n\n\n\n<li><strong>Third-party cookies:<\/strong>\u00a0These are cookies sent to the user's terminal equipment from a computer or domain that is not managed by Ana Marti, but by another entity that processes the data obtained through the cookies (for example, Google for Analytics, payment platforms, or social networks if integrated buttons that place cookies are used, etc.).<\/li>\n<\/ul>\n\n\n\n<p><strong>ACCORDING TO THE PERIOD OF TIME THEY REMAIN ACTIVE:<\/strong><\/p>\n\n\n\n<ul class=\"wp-block-list\">\n<li><strong>Session cookies:<\/strong>\u00a0These are cookies designed to collect and store data only while the user accesses a website. They are typically used to store information that is only relevant to keep for the provision of the service requested by the user on a single occasion (for example, the products in your shopping cart or keeping your session logged in) and they disappear when the session ends or the browser is closed.<\/li>\n\n\n\n<li><strong>Persistent cookies:<\/strong>\u00a0These are cookies in which the data remains stored on the terminal and can be accessed and processed for a period defined by the party responsible for the cookie. This period can range from a few minutes to several years.<\/li>\n<\/ul>\n\n\n\n<p><strong>ACCORDING TO THEIR PURPOSE:<\/strong><\/p>\n\n\n\n<p>On our Website, we use, or may use in the future, cookies for the following purposes:<\/p>\n\n\n\n<ul class=\"wp-block-list\">\n<li><strong>Technical Cookies (or Essential):<\/strong>\u00a0These are cookies that allow the user to navigate through our Website and use the different options or services available, such as controlling traffic and data communication, identifying the session, accessing restricted areas, remembering the items in an order, completing the checkout process, managing payments, using security elements during navigation, or sharing content via social networks (if the cookie is necessary for this basic functionality).\u00a0<\/li>\n\n\n\n<li><strong>Personalization Cookies (or Preference Cookies):<\/strong>\u00a0Son aquellas que permiten recordar informaci\u00f3n para que el usuario acceda al servicio con algunas caracter\u00edsticas que pueden diferenciar su experiencia de la de otros usuarios, como por ejemplo, el idioma, el n\u00famero de resultados a mostrar cuando el usuario realiza una b\u00fasqueda, el aspecto o contenido del servicio en funci\u00f3n del tipo de navegador a trav\u00e9s del cual el usuario accede al servicio o de la regi\u00f3n desde la que accede al servicio, etc.\u00a0<\/li>\n\n\n\n<li><strong>Analytical Cookies (or Measurement Cookies):<\/strong>\u00a0These are cookies that, whether processed by us or by third parties (such as Google Analytics), allow us to quantify the number of users and thus perform measurement and statistical analysis of how users utilize the service offered. To do this, your navigation on our website is analyzed in order to introduce improvements to the range of products or services we offer you.<\/li>\n\n\n\n<li><strong>Advertising Cookies:<\/strong>\u00a0These are cookies that allow for the most effective management possible of the advertising spaces that, if applicable, the publisher has included on a website, application, or platform from which the requested service is provided, based on criteria such as edited content.\u00a0<\/li>\n\n\n\n<li><strong>Behavioral Advertising Cookies:<\/strong>\u00a0These are cookies that allow for the most effective management possible of the advertising spaces that, if applicable, the publisher has included on a website. These cookies store information on user behavior obtained through the continuous observation of their browsing habits, which allows for the development of a specific profile to display advertising based on it.<em>.<\/em><\/li>\n<\/ul>\n\n\n\n<h2 class=\"wp-block-heading\"><strong>COOKIES USED ON THIS WEBSITE<\/strong><\/h2>\n\n\n\n<p>This website <strong>currently uses technical cookies<\/strong>, first-party and\/or third-party, <strong>estrictamente necesarias<\/strong> for the correct functioning of the website and to allow user navigation.<\/p>\n\n\n\n<p>These cookies allow, among other functions:<\/p>\n\n\n\n<ul class=\"wp-block-list\">\n<li>Ensure the security of the website<\/li>\n\n\n\n<li>Manage the user session<\/li>\n\n\n\n<li>Allow for the correct functioning of contact forms<\/li>\n\n\n\n<li>Remember basic browsing preferences<\/li>\n<\/ul>\n\n\n\n<p>These cookies <strong>do not collect personal data<\/strong><br>These cookies <strong>do not require user consent<\/strong>, in accordance with Article 22.2 of the LSSI<\/p>\n\n\n\n<h2 class=\"wp-block-heading\"><strong>THIRD-PARTY COOKIES<\/strong><\/h2>\n\n\n\n<p>This website <strong>does not use analytical or advertising cookies<\/strong>.<\/p>\n\n\n\n<p>The use of tools such as <strong>Google Search Console<\/strong> is for exclusively technical and website maintenance purposes, <strong>without installing cookies or collecting users' personal data<\/strong>.<\/p>\n\n\n\n<p>Provider: Google LLC<\/p>\n\n\n\n<p>For additional information on the processing of personal data, you may consult our <strong><a href=\"https:\/\/anamartiarquitecto.es\/en\/politica-de-privacidad-ana-marti-mateo\/\">Privacy Policy.<\/a><\/strong><\/p>\n\n\n\n<h2 class=\"wp-block-heading\"><strong>CONSENT<\/strong><\/h2>\n\n\n\n<p>Upon accessing this website, the user is informed of the use of cookies through a cookie notice or banner.<\/p>\n\n\n\n<p>This website currently only uses technical cookies necessary for its operation, which <strong>do not require user consent<\/strong>, in accordance with the provisions of Article 22.2 of Law 34\/2002 (LSSI).<\/p>\n\n\n\n<p>Nevertheless, the cookie management system implemented on the website allows the user to <strong>accept, reject, or configure the use of cookies<\/strong>, such that, <strong>in the event that non-necessary cookies are used in the future<\/strong>, the user may grant or withdraw their consent in a granular manner through the cookie settings panel.<\/p>\n\n\n\n<p>The user can <strong>modify or revoke their consent at any time<\/strong> through the cookie settings panel available on the website.<\/p>\n\n\n\n<h2 class=\"wp-block-heading\"><strong>MANAGEMENT AND CONFIGURATION OF COOKIES FROM THE BROWSER<\/strong><\/h2>\n\n\n\n<p>The user can allow, block, or delete the cookies installed on their device by configuring the options of the browser they use. The deactivation of technical cookies may affect the correct functioning of the website.<\/p>\n\n\n\n<p>Among others, you may consult the settings of the following browsers:<\/p>\n\n\n\n<ul class=\"wp-block-list\">\n<li><strong>Google Chrome<\/strong> https:\/\/support.google.com\/chrome\/answer\/95647<\/li>\n\n\n\n<li><strong>Mozilla Firefox<\/strong> https:\/\/support.mozilla.org\/es\/kb\/habilitar-y-deshabilitar-cookies-sitios-web-rastrear-preferencias<\/li>\n\n\n\n<li><strong>Safari <\/strong>https:\/\/support.apple.com\/es-es\/guide\/safari\/sfri11471\/mac<\/li>\n\n\n\n<li><strong>Microsoft Edge<\/strong> https:\/\/support.microsoft.com\/es-es\/windows\/eliminar-y-administrar-cookies-168dab11-0753-043d-7c16-ede5947fc64d<\/li>\n\n\n\n<li><strong>Opera<\/strong> https:\/\/help.opera.com\/en\/latest\/web-preferences\/#cookies<\/li>\n<\/ul>\n\n\n\n<p>We inform you, however, of the possibility that the deactivation of certain cookies may prevent or hinder navigation or the provision of the services offered on the website.<\/p>\n\n\n\n<p>To revoke the cookies initially accepted, you must click on the button: \"Reject cookies\"<\/p>\n\n\n\n<h2 class=\"wp-block-heading\"><strong>LINKS TO THIRD-PARTY WEBSITES<\/strong><\/h2>\n\n\n\n<p>This website may contain links to third-party websites whose cookie policies are independent of those of this website's owner. The owner is not responsible for the content or the veracity of said policies.<\/p>\n\n\n\n<h2 class=\"wp-block-heading\"><strong>MODIFICATIONS TO THE COOKIE POLICY<\/strong><\/h2>\n\n\n\n<p>This Cookie Policy may be modified based on legislative or technical changes. Users are recommended to review it periodically.<\/p>\n\n\n\n<p>If you have any questions regarding this cookie policy, you may contact <strong>Ana Marti\u00a0Mateo<\/strong> at the following email address: <strong><a href=\"mailto:ana_marma@hotmail.com\" target=\"_blank\" rel=\"noreferrer noopener\">ana_marma@hotmail.com<\/a>\u00a0<\/strong><\/p>\n\n\n\n<p>To obtain additional information about the processing of your personal data, please refer to our <a href=\"https:\/\/anamartiarquitecto.es\/en\/politica-de-privacidad-ana-marti-mateo\/\">Privacy Policy<\/a><\/p>\n\n\n\n<h2 class=\"wp-block-heading\"><strong>WEBSITE CONTROLLER<\/strong><\/h2>\n\n\n\n<p><strong>Owner: Ana Marti&nbsp;<br>Tax ID\/Vat Number: 29199078A&nbsp;<br>Address:\u00a0Valencia, Espa\u00f1a&nbsp;<br>Contact Email:&nbsp;<a href=\"mailto:ana_marma@hotmail.com\" target=\"_blank\" rel=\"noreferrer noopener\">ana_marma@hotmail.com<\/a>&nbsp;<br>Phone Number:\u00a0+34 659 21 08 65&nbsp;<br>&nbsp;<\/strong><\/p>\n\n\n\n<p><strong>Last updated:<\/strong> January 2026<\/p>","protected":false},"excerpt":{"rendered":"<p>OBJETIVO DE LA POL\u00cdTICA DE COOKIES El objetivo de esta pol\u00edtica es informar a los usuarios acerca de las cookies que emplea esta p\u00e1gina web, de conformidad con lo establecido en la Ley 34\/2002, de 11 de julio, de Servicios de la Sociedad de la Informaci\u00f3n y de Comercio Electr\u00f3nico, y el Reglamento (UE) 2016\/679 [&hellip;]<\/p>\n","protected":false},"author":1,"featured_media":0,"parent":0,"menu_order":0,"comment_status":"closed","ping_status":"closed","template":"","meta":{"site-sidebar-layout":"default","site-content-layout":"","ast-site-content-layout":"default","site-content-style":"default","site-sidebar-style":"default","ast-global-header-display":"","ast-banner-title-visibility":"","ast-main-header-display":"","ast-hfb-above-header-display":"","ast-hfb-below-header-display":"","ast-hfb-mobile-header-display":"","site-post-title":"","ast-breadcrumbs-content":"","ast-featured-img":"","footer-sml-layout":"","ast-disable-related-posts":"","theme-transparent-header-meta":"","adv-header-id-meta":"","stick-header-meta":"","header-above-stick-meta":"","header-main-stick-meta":"","header-below-stick-meta":"","astra-migrate-meta-layouts":"set","ast-page-background-enabled":"default","ast-page-background-meta":{"desktop":{"background-color":"","background-image":"","background-repeat":"repeat","background-position":"center center","background-size":"auto","background-attachment":"scroll","background-type":"","background-media":"","overlay-type":"","overlay-color":"","overlay-opacity":"","overlay-gradient":""},"tablet":{"background-color":"","background-image":"","background-repeat":"repeat","background-position":"center center","background-size":"auto","background-attachment":"scroll","background-type":"","background-media":"","overlay-type":"","overlay-color":"","overlay-opacity":"","overlay-gradient":""},"mobile":{"background-color":"","background-image":"","background-repeat":"repeat","background-position":"center center","background-size":"auto","background-attachment":"scroll","background-type":"","background-media":"","overlay-type":"","overlay-color":"","overlay-opacity":"","overlay-gradient":""}},"ast-content-background-meta":{"desktop":{"background-color":"var(--ast-global-color-5)","background-image":"","background-repeat":"repeat","background-position":"center center","background-size":"auto","background-attachment":"scroll","background-type":"","background-media":"","overlay-type":"","overlay-color":"","overlay-opacity":"","overlay-gradient":""},"tablet":{"background-color":"var(--ast-global-color-5)","background-image":"","background-repeat":"repeat","background-position":"center center","background-size":"auto","background-attachment":"scroll","background-type":"","background-media":"","overlay-type":"","overlay-color":"","overlay-opacity":"","overlay-gradient":""},"mobile":{"background-color":"var(--ast-global-color-5)","background-image":"","background-repeat":"repeat","background-position":"center center","background-size":"auto","background-attachment":"scroll","background-type":"","background-media":"","overlay-type":"","overlay-color":"","overlay-opacity":"","overlay-gradient":""}},"footnotes":""},"class_list":["post-2922","page","type-page","status-publish","hentry"],"yoast_head":"<!-- This site is optimized with the Yoast SEO plugin v27.3 - https:\/\/yoast.com\/product\/yoast-seo-wordpress\/ -->\n<title>Pol\u00edtica de Cookies - anamartiarquitecto<\/title>\n<meta name=\"robots\" content=\"index, follow, max-snippet:-1, max-image-preview:large, max-video-preview:-1\" \/>\n<link rel=\"canonical\" href=\"https:\/\/anamartiarquitecto.es\/en\/politica-de-cookies\/\" \/>\n<meta property=\"og:locale\" content=\"en_GB\" \/>\n<meta property=\"og:type\" content=\"article\" \/>\n<meta property=\"og:title\" content=\"Pol\u00edtica de Cookies - anamartiarquitecto\" \/>\n<meta property=\"og:description\" content=\"OBJETIVO DE LA POL\u00cdTICA DE COOKIES El objetivo de esta pol\u00edtica es informar a los usuarios acerca de las cookies que emplea esta p\u00e1gina web, de conformidad con lo establecido en la Ley 34\/2002, de 11 de julio, de Servicios de la Sociedad de la Informaci\u00f3n y de Comercio Electr\u00f3nico, y el Reglamento (UE) 2016\/679 [&hellip;]\" \/>\n<meta property=\"og:url\" content=\"https:\/\/anamartiarquitecto.es\/en\/politica-de-cookies\/\" \/>\n<meta property=\"og:site_name\" content=\"anamartiarquitecto\" \/>\n<meta property=\"article:modified_time\" content=\"2026-01-28T13:12:38+00:00\" \/>\n<meta name=\"twitter:card\" content=\"summary_large_image\" \/>\n<meta name=\"twitter:label1\" content=\"Estimated reading time\" \/>\n\t<meta name=\"twitter:data1\" content=\"7 minutes\" \/>\n<script type=\"application\/ld+json\" class=\"yoast-schema-graph\">{\"@context\":\"https:\\\/\\\/schema.org\",\"@graph\":[{\"@type\":\"WebPage\",\"@id\":\"https:\\\/\\\/anamartiarquitecto.es\\\/politica-de-cookies\\\/\",\"url\":\"https:\\\/\\\/anamartiarquitecto.es\\\/politica-de-cookies\\\/\",\"name\":\"Pol\u00edtica de Cookies - anamartiarquitecto\",\"isPartOf\":{\"@id\":\"https:\\\/\\\/anamartiarquitecto.es\\\/#website\"},\"datePublished\":\"2026-01-27T18:01:30+00:00\",\"dateModified\":\"2026-01-28T13:12:38+00:00\",\"breadcrumb\":{\"@id\":\"https:\\\/\\\/anamartiarquitecto.es\\\/politica-de-cookies\\\/#breadcrumb\"},\"inLanguage\":\"en-GB\",\"potentialAction\":[{\"@type\":\"ReadAction\",\"target\":[\"https:\\\/\\\/anamartiarquitecto.es\\\/politica-de-cookies\\\/\"]}]},{\"@type\":\"BreadcrumbList\",\"@id\":\"https:\\\/\\\/anamartiarquitecto.es\\\/politica-de-cookies\\\/#breadcrumb\",\"itemListElement\":[{\"@type\":\"ListItem\",\"position\":1,\"name\":\"Home\",\"item\":\"https:\\\/\\\/anamartiarquitecto.es\\\/\"},{\"@type\":\"ListItem\",\"position\":2,\"name\":\"Pol\u00edtica de Cookies\"}]},{\"@type\":\"WebSite\",\"@id\":\"https:\\\/\\\/anamartiarquitecto.es\\\/#website\",\"url\":\"https:\\\/\\\/anamartiarquitecto.es\\\/\",\"name\":\"anamartiarquitecto\",\"description\":\"Arquitectura eficiente, sostenible y respetuosa\",\"publisher\":{\"@id\":\"https:\\\/\\\/anamartiarquitecto.es\\\/#organization\"},\"alternateName\":\"Ana Marti arquitecto\",\"potentialAction\":[{\"@type\":\"SearchAction\",\"target\":{\"@type\":\"EntryPoint\",\"urlTemplate\":\"https:\\\/\\\/anamartiarquitecto.es\\\/?s={search_term_string}\"},\"query-input\":{\"@type\":\"PropertyValueSpecification\",\"valueRequired\":true,\"valueName\":\"search_term_string\"}}],\"inLanguage\":\"en-GB\"},{\"@type\":\"Organization\",\"@id\":\"https:\\\/\\\/anamartiarquitecto.es\\\/#organization\",\"name\":\"Anamartiarquitecto\",\"alternateName\":\"Ana Marti Arquitecto\",\"url\":\"https:\\\/\\\/anamartiarquitecto.es\\\/\",\"logo\":{\"@type\":\"ImageObject\",\"inLanguage\":\"en-GB\",\"@id\":\"https:\\\/\\\/anamartiarquitecto.es\\\/#\\\/schema\\\/logo\\\/image\\\/\",\"url\":\"https:\\\/\\\/anamartiarquitecto.es\\\/wp-content\\\/uploads\\\/2024\\\/11\\\/ana-marti-bocetos-09.svg\",\"contentUrl\":\"https:\\\/\\\/anamartiarquitecto.es\\\/wp-content\\\/uploads\\\/2024\\\/11\\\/ana-marti-bocetos-09.svg\",\"width\":87,\"height\":87,\"caption\":\"Anamartiarquitecto\"},\"image\":{\"@id\":\"https:\\\/\\\/anamartiarquitecto.es\\\/#\\\/schema\\\/logo\\\/image\\\/\"}}]}<\/script>\n<!-- \/ Yoast SEO plugin. -->","yoast_head_json":{"title":"Pol\u00edtica de Cookies - anamartiarquitecto","robots":{"index":"index","follow":"follow","max-snippet":"max-snippet:-1","max-image-preview":"max-image-preview:large","max-video-preview":"max-video-preview:-1"},"canonical":"https:\/\/anamartiarquitecto.es\/en\/politica-de-cookies\/","og_locale":"en_GB","og_type":"article","og_title":"Pol\u00edtica de Cookies - anamartiarquitecto","og_description":"OBJETIVO DE LA POL\u00cdTICA DE COOKIES El objetivo de esta pol\u00edtica es informar a los usuarios acerca de las cookies que emplea esta p\u00e1gina web, de conformidad con lo establecido en la Ley 34\/2002, de 11 de julio, de Servicios de la Sociedad de la Informaci\u00f3n y de Comercio Electr\u00f3nico, y el Reglamento (UE) 2016\/679 [&hellip;]","og_url":"https:\/\/anamartiarquitecto.es\/en\/politica-de-cookies\/","og_site_name":"anamartiarquitecto","article_modified_time":"2026-01-28T13:12:38+00:00","twitter_card":"summary_large_image","twitter_misc":{"Estimated reading time":"7 minutes"},"schema":{"@context":"https:\/\/schema.org","@graph":[{"@type":"WebPage","@id":"https:\/\/anamartiarquitecto.es\/politica-de-cookies\/","url":"https:\/\/anamartiarquitecto.es\/politica-de-cookies\/","name":"Pol\u00edtica de Cookies - anamartiarquitecto","isPartOf":{"@id":"https:\/\/anamartiarquitecto.es\/#website"},"datePublished":"2026-01-27T18:01:30+00:00","dateModified":"2026-01-28T13:12:38+00:00","breadcrumb":{"@id":"https:\/\/anamartiarquitecto.es\/politica-de-cookies\/#breadcrumb"},"inLanguage":"en-GB","potentialAction":[{"@type":"ReadAction","target":["https:\/\/anamartiarquitecto.es\/politica-de-cookies\/"]}]},{"@type":"BreadcrumbList","@id":"https:\/\/anamartiarquitecto.es\/politica-de-cookies\/#breadcrumb","itemListElement":[{"@type":"ListItem","position":1,"name":"Home","item":"https:\/\/anamartiarquitecto.es\/"},{"@type":"ListItem","position":2,"name":"Pol\u00edtica de Cookies"}]},{"@type":"WebSite","@id":"https:\/\/anamartiarquitecto.es\/#website","url":"https:\/\/anamartiarquitecto.es\/","name":"anamartiarquitecto","description":"Efficient, sustainable, and respectful architecture","publisher":{"@id":"https:\/\/anamartiarquitecto.es\/#organization"},"alternateName":"Ana Marti arquitecto","potentialAction":[{"@type":"SearchAction","target":{"@type":"EntryPoint","urlTemplate":"https:\/\/anamartiarquitecto.es\/?s={search_term_string}"},"query-input":{"@type":"PropertyValueSpecification","valueRequired":true,"valueName":"search_term_string"}}],"inLanguage":"en-GB"},{"@type":"Organization","@id":"https:\/\/anamartiarquitecto.es\/#organization","name":"Anamartiarquitecto","alternateName":"Ana Marti Arquitecto","url":"https:\/\/anamartiarquitecto.es\/","logo":{"@type":"ImageObject","inLanguage":"en-GB","@id":"https:\/\/anamartiarquitecto.es\/#\/schema\/logo\/image\/","url":"https:\/\/anamartiarquitecto.es\/wp-content\/uploads\/2024\/11\/ana-marti-bocetos-09.svg","contentUrl":"https:\/\/anamartiarquitecto.es\/wp-content\/uploads\/2024\/11\/ana-marti-bocetos-09.svg","width":87,"height":87,"caption":"Anamartiarquitecto"},"image":{"@id":"https:\/\/anamartiarquitecto.es\/#\/schema\/logo\/image\/"}}]}},"_links":{"self":[{"href":"https:\/\/anamartiarquitecto.es\/en\/wp-json\/wp\/v2\/pages\/2922","targetHints":{"allow":["GET"]}}],"collection":[{"href":"https:\/\/anamartiarquitecto.es\/en\/wp-json\/wp\/v2\/pages"}],"about":[{"href":"https:\/\/anamartiarquitecto.es\/en\/wp-json\/wp\/v2\/types\/page"}],"author":[{"embeddable":true,"href":"https:\/\/anamartiarquitecto.es\/en\/wp-json\/wp\/v2\/users\/1"}],"replies":[{"embeddable":true,"href":"https:\/\/anamartiarquitecto.es\/en\/wp-json\/wp\/v2\/comments?post=2922"}],"version-history":[{"count":3,"href":"https:\/\/anamartiarquitecto.es\/en\/wp-json\/wp\/v2\/pages\/2922\/revisions"}],"predecessor-version":[{"id":2937,"href":"https:\/\/anamartiarquitecto.es\/en\/wp-json\/wp\/v2\/pages\/2922\/revisions\/2937"}],"wp:attachment":[{"href":"https:\/\/anamartiarquitecto.es\/en\/wp-json\/wp\/v2\/media?parent=2922"}],"curies":[{"name":"wp","href":"https:\/\/api.w.org\/{rel}","templated":true}]}}